{"id":1086,"date":"2024-03-21T19:39:12","date_gmt":"2024-03-21T19:39:12","guid":{"rendered":"https:\/\/sofia.fmmarketingdigital.com\/?page_id=1086"},"modified":"2025-02-18T19:48:43","modified_gmt":"2025-02-18T19:48:43","slug":"huidscan-intake","status":"publish","type":"page","link":"https:\/\/soyskinbodynutrition.com\/es\/huidscan-intake\/","title":{"rendered":"An\u00e1lisis de piel"},"content":{"rendered":"<div data-elementor-type=\"wp-page\" data-elementor-id=\"1086\" class=\"elementor elementor-1086\" data-elementor-settings=\"{&quot;ha_cmc_init_switcher&quot;:&quot;no&quot;,&quot;element_pack_global_tooltip_width&quot;:{&quot;unit&quot;:&quot;px&quot;,&quot;size&quot;:&quot;&quot;,&quot;sizes&quot;:[]},&quot;element_pack_global_tooltip_width_tablet&quot;:{&quot;unit&quot;:&quot;px&quot;,&quot;size&quot;:&quot;&quot;,&quot;sizes&quot;:[]},&quot;element_pack_global_tooltip_width_mobile&quot;:{&quot;unit&quot;:&quot;px&quot;,&quot;size&quot;:&quot;&quot;,&quot;sizes&quot;:[]},&quot;element_pack_global_tooltip_padding&quot;:{&quot;unit&quot;:&quot;px&quot;,&quot;top&quot;:&quot;&quot;,&quot;right&quot;:&quot;&quot;,&quot;bottom&quot;:&quot;&quot;,&quot;left&quot;:&quot;&quot;,&quot;isLinked&quot;:true},&quot;element_pack_global_tooltip_padding_tablet&quot;:{&quot;unit&quot;:&quot;px&quot;,&quot;top&quot;:&quot;&quot;,&quot;right&quot;:&quot;&quot;,&quot;bottom&quot;:&quot;&quot;,&quot;left&quot;:&quot;&quot;,&quot;isLinked&quot;:true},&quot;element_pack_global_tooltip_padding_mobile&quot;:{&quot;unit&quot;:&quot;px&quot;,&quot;top&quot;:&quot;&quot;,&quot;right&quot;:&quot;&quot;,&quot;bottom&quot;:&quot;&quot;,&quot;left&quot;:&quot;&quot;,&quot;isLinked&quot;:true},&quot;element_pack_global_tooltip_border_radius&quot;:{&quot;unit&quot;:&quot;px&quot;,&quot;top&quot;:&quot;&quot;,&quot;right&quot;:&quot;&quot;,&quot;bottom&quot;:&quot;&quot;,&quot;left&quot;:&quot;&quot;,&quot;isLinked&quot;:true},&quot;element_pack_global_tooltip_border_radius_tablet&quot;:{&quot;unit&quot;:&quot;px&quot;,&quot;top&quot;:&quot;&quot;,&quot;right&quot;:&quot;&quot;,&quot;bottom&quot;:&quot;&quot;,&quot;left&quot;:&quot;&quot;,&quot;isLinked&quot;:true},&quot;element_pack_global_tooltip_border_radius_mobile&quot;:{&quot;unit&quot;:&quot;px&quot;,&quot;top&quot;:&quot;&quot;,&quot;right&quot;:&quot;&quot;,&quot;bottom&quot;:&quot;&quot;,&quot;left&quot;:&quot;&quot;,&quot;isLinked&quot;:true}}\" data-elementor-post-type=\"page\">\n\t\t\t\t<div class=\"elementor-element elementor-element-279e043 e-con-full e-flex e-con e-parent\" data-id=\"279e043\" data-element_type=\"container\" data-e-type=\"container\" data-settings=\"{&quot;background_background&quot;:&quot;classic&quot;,&quot;_ha_eqh_enable&quot;:false}\">\n\t\t<div class=\"elementor-element elementor-element-dfb940d e-con-full e-flex e-con e-child\" data-id=\"dfb940d\" data-element_type=\"container\" data-e-type=\"container\" data-settings=\"{&quot;background_background&quot;:&quot;classic&quot;,&quot;background_motion_fx_motion_fx_scrolling&quot;:&quot;yes&quot;,&quot;background_motion_fx_translateY_effect&quot;:&quot;yes&quot;,&quot;background_motion_fx_devices&quot;:[&quot;desktop&quot;,&quot;tablet&quot;],&quot;background_motion_fx_translateY_speed&quot;:{&quot;unit&quot;:&quot;px&quot;,&quot;size&quot;:4,&quot;sizes&quot;:[]},&quot;background_motion_fx_translateY_affectedRange&quot;:{&quot;unit&quot;:&quot;%&quot;,&quot;size&quot;:&quot;&quot;,&quot;sizes&quot;:{&quot;start&quot;:0,&quot;end&quot;:100}},&quot;_ha_eqh_enable&quot;:false}\">\n\t\t\t\t<\/div>\n\t\t\t\t<\/div>\n\t\t<div class=\"elementor-element elementor-element-af51593 e-con-full e-flex e-con e-parent\" data-id=\"af51593\" data-element_type=\"container\" data-e-type=\"container\" data-settings=\"{&quot;_ha_eqh_enable&quot;:false}\">\n\t\t<div class=\"elementor-element elementor-element-2b68c6d e-con-full e-flex e-con e-child\" data-id=\"2b68c6d\" data-element_type=\"container\" data-e-type=\"container\" data-settings=\"{&quot;_ha_eqh_enable&quot;:false}\">\n\t\t\t\t<div class=\"elementor-element elementor-element-36ba839 elementor-widget elementor-widget-spacer\" data-id=\"36ba839\" data-element_type=\"widget\" data-e-type=\"widget\" data-widget_type=\"spacer.default\">\n\t\t\t\t<div class=\"elementor-widget-container\">\n\t\t\t\t\t\t\t<div class=\"elementor-spacer\">\n\t\t\t<div class=\"elementor-spacer-inner\"><\/div>\n\t\t<\/div>\n\t\t\t\t\t\t<\/div>\n\t\t\t\t<\/div>\n\t\t\t\t<div class=\"elementor-element elementor-element-1b7e716 elementor-widget elementor-widget-text-editor\" data-id=\"1b7e716\" data-element_type=\"widget\" data-e-type=\"widget\" data-widget_type=\"text-editor.default\">\n\t\t\t\t<div class=\"elementor-widget-container\">\n\t\t\t\t\t\t\t\t\t<p>La piel de cada persona es diferente.<\/p><p><span style=\"font-size: inherit; color: var( --e-global-color-uicore_dark ); letter-spacing: -0.6px; font-family: var(--uicore-typography--p-f,'Inter'); font-style: var(--uicore-typography--p-st,'normal'); text-transform: var(--uicore-typography--p-t,'none');\">Tenemos diferentes tipos y colores de piel, preocupaciones y objetivos, diferentes exposiciones a los radicales libres y algunos h\u00e1bitos que no son amigables con la piel, todo lo cual afecta la forma en que nuestra piel se comporta o envejece. Y con el trato interminable<\/span><b style=\"font-size: inherit; color: var( --e-global-color-uicore_dark ); letter-spacing: -0.6px; font-family: var(--uicore-typography--p-f,'Inter'); font-style: var(--uicore-typography--p-st,'normal'); text-transform: var(--uicore-typography--p-t,'none');\">&#8211; <\/b><span style=\"font-size: inherit; color: var( --e-global-color-uicore_dark ); letter-spacing: -0.6px; font-family: var(--uicore-typography--p-f,'Inter'); font-style: var(--uicore-typography--p-st,'normal'); text-transform: var(--uicore-typography--p-t,'none');\">y las opciones de cuidado de la piel que existen, comprender y encontrar el plan adecuado puede ser una tarea dif\u00edcil.<\/span><\/p><p><span lang=\"NL\">Si tienes problemas leves en la piel o no sabes por d\u00f3nde empezar, puedes solicitar un an\u00e1lisis y valoraci\u00f3n cut\u00e1nea personalizada. En SOY Skin Body &amp; Nutrition podemos ayudarte a comprender mejor tu piel y qu\u00e9 tratamiento y programa de cuidado de la piel te llevar\u00e1 a la mejor piel de tu vida.<\/span><\/p><p><span lang=\"NL\">Problemas de la piel que tratamos:<\/span><\/p><p><span lang=\"NL\">El tratamiento en SOY puede abordar muchos problemas de la piel, que incluyen:<\/span><\/p><ul><li>Da\u00f1o solar<\/li><li>Enrojecimiento y ros\u00e1cea<\/li><li>Pigmentaci\u00f3n y melasma<\/li><li>Acn\u00e9<\/li><li>Tono o textura de piel desigual<\/li><li>Piel opaca<\/li><li>Piel obstruida<\/li><li>Sensibilidad de la piel<\/li><li>Deshidraci\u00f3n<\/li><li>Signos del envejecimiento<\/li><\/ul><p><strong style=\"font-size: inherit; color: var( --e-global-color-uicore_dark ); letter-spacing: -0.6px; font-family: var(--uicore-typography--p-f,'Inter'); font-style: var(--uicore-typography--p-st,'normal'); text-transform: var(--uicore-typography--p-t,'none');\">Paso 1:<\/strong><\/p><p>Hable sobre sus objetivos o inquietudes<\/p><p>Nuestra meta  es descubrir qu\u00e9 le gusta y qu\u00e9 no le gusta de su piel, si tiene alguna inquietud y cu\u00e1les son sus objetivos. Combinamos esta informaci\u00f3n con un examen y una evaluaci\u00f3n completos de la piel para que podamos desarrollar el tratamiento y el plan de cuidado de la piel adecuados para usted.<\/p><p>Primero comenzaremos una investigaci\u00f3n completa para descubrir todas los posibles problemas. Este ser\u00e1 un cuestionario sobre antecedentes m\u00e9dicos, uso actual de suplementos\/productos para la piel y m\u00e1s.<\/p><p><strong>Paso 2:<\/strong><\/p><p>Tras la exploraci\u00f3n completa, iniciaremos el an\u00e1lisis de la piel. Esto se puede hacer mediante el analizador de la piel, si en caso el analizador lo hace sentir incomodo puedo hacer un chequeo a simple vista. Durante este examen se comentan los problemas de la piel que podemos trabajar y en base a ambos ex\u00e1menes elaboramos el plan de tratamiento final.<\/p><p><strong>Paso 3:<\/strong><\/p><p>Tu plan de tratamiento personal<\/p><p>Durante la entrevista inicial, el cliente recibe asesoramiento personal sobre qu\u00e9 cuidados de la piel, suplementos y opciones de tratamiento son mejores . Tambi\u00e9n se discuten los posibles efectos secundarios, todo esto basado a resultados realistas. \n La primera consulta dura de 45 a 60 minutos y es gratuita y sin compromiso.<\/p><h3><span lang=\"NL\">\u00a1Este es el primer paso para una piel sana! <\/span><\/h3>\t\t\t\t\t\t\t\t<\/div>\n\t\t\t\t<\/div>\n\t\t\t\t<div class=\"elementor-element elementor-element-92be227 elementor-align-justify elementor-widget__width-inherit elementor-widget elementor-widget-button\" data-id=\"92be227\" data-element_type=\"widget\" data-e-type=\"widget\" data-widget_type=\"button.default\">\n\t\t\t\t<div class=\"elementor-widget-container\">\n\t\t\t\t\t\t\t\t\t<div class=\"elementor-button-wrapper\">\n\t\t\t\t\t<a class=\"elementor-button elementor-button-link elementor-size-sm\" href=\"https:\/\/api.whatsapp.com\/send?phone=31611582189\">\n\t\t\t\t\t\t<span class=\"elementor-button-content-wrapper\">\n\t\t\t\t\t\t<span class=\"elementor-button-icon\">\n\t\t\t\t<i aria-hidden=\"true\" class=\"fab fa-whatsapp\"><\/i>\t\t\t<\/span>\n\t\t\t\t\t\t\t\t\t<span class=\"elementor-button-text\">Contacto<\/span>\n\t\t\t\t\t<\/span>\n\t\t\t\t\t<\/a>\n\t\t\t\t<\/div>\n\t\t\t\t\t\t\t\t<\/div>\n\t\t\t\t<\/div>\n\t\t\t\t<\/div>\n\t\t\t\t<\/div>\n\t\t\t\t<\/div>","protected":false},"excerpt":{"rendered":"<p>De huid van iedereen is anders. We hebben verschillende huidtypes en -kleuren, zorgen en doelen, vari\u00ebrende blootstelling aan vrije radicalen en sommige [&hellip;]<\/p>","protected":false},"author":1,"featured_media":0,"parent":0,"menu_order":0,"comment_status":"closed","ping_status":"closed","template":"elementor_header_footer","meta":{"footnotes":""},"class_list":["post-1086","page","type-page","status-publish","hentry"],"acf":[],"_links":{"self":[{"href":"https:\/\/soyskinbodynutrition.com\/es\/wp-json\/wp\/v2\/pages\/1086","targetHints":{"allow":["GET"]}}],"collection":[{"href":"https:\/\/soyskinbodynutrition.com\/es\/wp-json\/wp\/v2\/pages"}],"about":[{"href":"https:\/\/soyskinbodynutrition.com\/es\/wp-json\/wp\/v2\/types\/page"}],"author":[{"embeddable":true,"href":"https:\/\/soyskinbodynutrition.com\/es\/wp-json\/wp\/v2\/users\/1"}],"replies":[{"embeddable":true,"href":"https:\/\/soyskinbodynutrition.com\/es\/wp-json\/wp\/v2\/comments?post=1086"}],"version-history":[{"count":19,"href":"https:\/\/soyskinbodynutrition.com\/es\/wp-json\/wp\/v2\/pages\/1086\/revisions"}],"predecessor-version":[{"id":1580,"href":"https:\/\/soyskinbodynutrition.com\/es\/wp-json\/wp\/v2\/pages\/1086\/revisions\/1580"}],"wp:attachment":[{"href":"https:\/\/soyskinbodynutrition.com\/es\/wp-json\/wp\/v2\/media?parent=1086"}],"curies":[{"name":"wp","href":"https:\/\/api.w.org\/{rel}","templated":true}]}}